{"id":2914,"date":"2022-04-07T03:04:53","date_gmt":"2022-04-07T03:04:53","guid":{"rendered":"https:\/\/yourcolombia.com\/?page_id=2914"},"modified":"2026-03-26T02:34:01","modified_gmt":"2026-03-26T02:34:01","slug":"mini-tours","status":"publish","type":"page","link":"https:\/\/yourcolombia.com\/it\/mini-tours\/","title":{"rendered":"Mini tours"},"content":{"rendered":"<div class=\"wpb-content-wrapper\"><p>[vc_row css_animation=&#8221;&#8221; row_type=&#8221;row&#8221; use_row_as_full_screen_section=&#8221;no&#8221; type=&#8221;full_width&#8221; angled_section=&#8221;no&#8221; text_align=&#8221;center&#8221; background_image_as_pattern=&#8221;without_pattern&#8221; z_index=&#8221;&#8221;][vc_column]<div class=\"qode-tours-list-holder qode-tours-row qode-tiny-space  qode-tours-columns-3 qode-tours-type-standard\">\n\t\t\t\n\t\t\n        <div class=\"qode-tours-list-holder-inner qode-tours-row-inner-holder qode-outer-space\">\n\t\t\t<div class=\"qode-tours-list-grid-sizer\"><\/div>\n\t\t\t\t\t<div class=\"qode-tours-standard-item qode-tours-row-item qode-item-space post-2697 tour-item type-tour-item status-publish has-post-thumbnail hentry tour-category-mini-tours tour-attribute-breakfast tour-attribute-personal-guide tour-attribute-private-transfer tour-attribute-transfer tour-attribute-walking-tour\">\n\t<div class=\"qode-tour-item-inner\">\n\t\t\t\t\t<div class=\"qode-tours-standard-item-image-holder\">\n\t\t\t\t<a href=\"https:\/\/yourcolombia.com\/it\/tour-item\/boyaca-colombia-colonial-village\/\">\n\t\t\t\t\t<img loading=\"lazy\" decoding=\"async\" src=\"https:\/\/yourcolombia.com\/wp-content\/uploads\/2020\/03\/villa-de-leyva-600x400.jpeg\" alt=\"villa de leyva\" width=\"600\" height=\"400\" \/>\t\t\t\t<\/a>\n\t\t\t\t\t\t\t\t\t<span class=\"qode-tours-standard-item-label-holder\">\n\t\t\t\t\t\t\n\t\t<span class=\"qode-tour-item-label\">\n\t\t\t<span class=\"qode-tour-item-label-inner\">\n\t\t\t\t\t\t\t<\/span>\n\t\t<\/span>\n\n\t\t\t\t\t\t\t<\/span>\n\t\t\t\t\t\t\t<\/div>\n\t\t\n\t\t<div class=\"qode-tours-standard-item-content-holder\">\n\t\t\t<div class=\"qode-tours-standard-item-content-inner\">\n\t\t\t\t<div class=\"qode-tours-standard-item-title-price-holder\">\n\t\t\t\t\t<h4 class=\"qode-tour-title\">\n\t\t\t\t\t\t<a href=\"https:\/\/yourcolombia.com\/it\/tour-item\/boyaca-colombia-colonial-village\/\">Boyac\u00e1 coloniale &#8211; storia e borghi incantevoli<\/a>\n\t\t\t\t\t<\/h4>\n\t\t\t\t\t<span class=\"qode-tours-standard-item-price-holder\">\n\t\t\t\t\t\t\n\t\t<span class=\"qode-tours-price-holder\">\n\t\t\t\t\t\t\t<span class=\"qode-tours-item-price \">$349<\/span>\n\t\t\t\t\t\t\t\t<\/span>\n\n\t\t\t\t\t\t\t<\/span>\n\t\t\t\t<\/div>\n\n                            <div class=\"qode-tours-standard-item-bottom-item\">\n                            <div class=\"qode-info-section-part qode-tour-item-reviews\">\n            <span class=\"qode-single-rating-value\">\n                    <\/span>\n        <\/div>\n\n                        <\/div>\n            \n\t\t\t\t\t\t\t\t\t<div class=\"qode-tours-standard-item-excerpt\">\n\t\t\t\t\t\tBoyac\u00e1 coloniale - storia, natura e borghi incantevoli: Puente de Boyac\u00e1, Villa&hellip;\t\t\t\t\t<\/div>\n\t\t\t\t\t\t\t<\/div>\n\t\t\t<div class=\"qode-tours-standard-item-bottom-content\">\n\t\t\t\t\t\t\t\t\t<div class=\"qode-tours-standard-item-bottom-item\">\n\t\t\t\t\t\t\n\t\t\n\t\t\t<div class=\"qode-tour-duration-holder\">\n\t\t\t    <span class=\"qode-tour-duration-icon qode-tour-info-icon\">\n\t\t\t\t\t<span class=\"dripicons-clock\"><\/span>\n\t\t\t    <\/span>\n\t\t\t\t<span class=\"qode-tour-info-label\">\n\t\t\t\t\t3 Days\t\t\t\t<\/span>\n\t\t\t<\/div>\n\n\t\t\n\t\t\t\t\t\t\t<\/div>\n\t\t\t\t\n\t\t\t\t\t\t\t\t\t\t\t\t\t<div class=\"qode-tours-standard-item-bottom-item\">\n\t\t\t\t\t\t                \t\t\t\t\t<\/div>\n\t\t\t\t\t\t\t<\/div>\n\t\t<\/div>\n\t<\/div>\n<\/div>\t\t<div class=\"qode-tours-standard-item qode-tours-row-item qode-item-space post-2715 tour-item type-tour-item status-publish has-post-thumbnail hentry tour-category-mini-tours tour-attribute-breakfast tour-attribute-domestic-flight-tickets tour-attribute-entry-fees tour-attribute-personal-guide tour-attribute-private-transfer tour-attribute-transfer tour-attribute-walking-tour\">\n\t<div class=\"qode-tour-item-inner\">\n\t\t\t\t\t<div class=\"qode-tours-standard-item-image-holder\">\n\t\t\t\t<a href=\"https:\/\/yourcolombia.com\/it\/tour-item\/discovering-the-tatacoa-desert\/\">\n\t\t\t\t\t<img loading=\"lazy\" decoding=\"async\" src=\"https:\/\/yourcolombia.com\/wp-content\/uploads\/2021\/01\/Desierto-de-la-Tatacoa-e1610123158807-600x400.jpeg\" alt=\"Desierto de la Tatacoa\" width=\"600\" height=\"400\" \/>\t\t\t\t<\/a>\n\t\t\t\t\t\t\t\t\t<span class=\"qode-tours-standard-item-label-holder\">\n\t\t\t\t\t\t\n\t\t<span class=\"qode-tour-item-label\">\n\t\t\t<span class=\"qode-tour-item-label-inner\">\n\t\t\t\t\t\t\t<\/span>\n\t\t<\/span>\n\n\t\t\t\t\t\t\t<\/span>\n\t\t\t\t\t\t\t<\/div>\n\t\t\n\t\t<div class=\"qode-tours-standard-item-content-holder\">\n\t\t\t<div class=\"qode-tours-standard-item-content-inner\">\n\t\t\t\t<div class=\"qode-tours-standard-item-title-price-holder\">\n\t\t\t\t\t<h4 class=\"qode-tour-title\">\n\t\t\t\t\t\t<a href=\"https:\/\/yourcolombia.com\/it\/tour-item\/discovering-the-tatacoa-desert\/\">Alla scoperta del Deserto de la Tatacoa<\/a>\n\t\t\t\t\t<\/h4>\n\t\t\t\t\t<span class=\"qode-tours-standard-item-price-holder\">\n\t\t\t\t\t\t\n\t\t<span class=\"qode-tours-price-holder\">\n\t\t\t\t\t\t\t<span class=\"qode-tours-item-price \">$450<\/span>\n\t\t\t\t\t\t\t\t<\/span>\n\n\t\t\t\t\t\t\t<\/span>\n\t\t\t\t<\/div>\n\n                            <div class=\"qode-tours-standard-item-bottom-item\">\n                            <div class=\"qode-info-section-part qode-tour-item-reviews\">\n            <span class=\"qode-single-rating-value\">\n                    <\/span>\n        <\/div>\n\n                        <\/div>\n            \n\t\t\t\t\t\t\t\t\t<div class=\"qode-tours-standard-item-excerpt\">\n\t\t\t\t\t\tAlla scoperta del Deserto de la Tatacoa: un tour di 3 giorni\/2&hellip;\t\t\t\t\t<\/div>\n\t\t\t\t\t\t\t<\/div>\n\t\t\t<div class=\"qode-tours-standard-item-bottom-content\">\n\t\t\t\t\t\t\t\t\t<div class=\"qode-tours-standard-item-bottom-item\">\n\t\t\t\t\t\t\n\t\t\n\t\t\t<div class=\"qode-tour-duration-holder\">\n\t\t\t    <span class=\"qode-tour-duration-icon qode-tour-info-icon\">\n\t\t\t\t\t<span class=\"dripicons-clock\"><\/span>\n\t\t\t    <\/span>\n\t\t\t\t<span class=\"qode-tour-info-label\">\n\t\t\t\t\t3 Days\t\t\t\t<\/span>\n\t\t\t<\/div>\n\n\t\t\n\t\t\t\t\t\t\t<\/div>\n\t\t\t\t\n\t\t\t\t\t\t\t\t\t\t\t\t\t<div class=\"qode-tours-standard-item-bottom-item\">\n\t\t\t\t\t\t                \t\t\t\t\t<\/div>\n\t\t\t\t\t\t\t<\/div>\n\t\t<\/div>\n\t<\/div>\n<\/div>\t\t<div class=\"qode-tours-standard-item qode-tours-row-item qode-item-space post-97 tour-item type-tour-item status-publish has-post-thumbnail hentry tour-category-mini-tours tour-attribute-breakfast tour-attribute-entry-fees tour-attribute-lunch tour-attribute-personal-guide tour-attribute-transfer tour-attribute-walking-tour tour-attribute-water\">\n\t<div class=\"qode-tour-item-inner\">\n\t\t\t\t\t<div class=\"qode-tours-standard-item-image-holder\">\n\t\t\t\t<a href=\"https:\/\/yourcolombia.com\/it\/tour-item\/pnn-el-cocuy\/\">\n\t\t\t\t\t<img loading=\"lazy\" decoding=\"async\" src=\"https:\/\/yourcolombia.com\/wp-content\/uploads\/2017\/02\/horses-andes-e1536760406476-600x400.jpg\" alt=\"PNN El Cocuy\" width=\"600\" height=\"400\" \/>\t\t\t\t<\/a>\n\t\t\t\t\t\t\t\t\t<span class=\"qode-tours-standard-item-label-holder\">\n\t\t\t\t\t\t\n\t\t<span class=\"qode-tour-item-label\">\n\t\t\t<span class=\"qode-tour-item-label-inner\">\n\t\t\t\t\t\t\t<\/span>\n\t\t<\/span>\n\n\t\t\t\t\t\t\t<\/span>\n\t\t\t\t\t\t\t<\/div>\n\t\t\n\t\t<div class=\"qode-tours-standard-item-content-holder\">\n\t\t\t<div class=\"qode-tours-standard-item-content-inner\">\n\t\t\t\t<div class=\"qode-tours-standard-item-title-price-holder\">\n\t\t\t\t\t<h4 class=\"qode-tour-title\">\n\t\t\t\t\t\t<a href=\"https:\/\/yourcolombia.com\/it\/tour-item\/pnn-el-cocuy\/\">Parco Nazionale Naturale El Cocuy<\/a>\n\t\t\t\t\t<\/h4>\n\t\t\t\t\t<span class=\"qode-tours-standard-item-price-holder\">\n\t\t\t\t\t\t\n\t\t<span class=\"qode-tours-price-holder\">\n\t\t\t\t\t\t\t<span class=\"qode-tours-item-price \">$370<\/span>\n\t\t\t\t\t\t\t\t<\/span>\n\n\t\t\t\t\t\t\t<\/span>\n\t\t\t\t<\/div>\n\n                            <div class=\"qode-tours-standard-item-bottom-item\">\n                            <div class=\"qode-info-section-part qode-tour-item-reviews\">\n            <span class=\"qode-single-rating-value\">\n                    <\/span>\n        <\/div>\n\n                        <\/div>\n            \n\t\t\t\t\t\t\t\t\t<div class=\"qode-tours-standard-item-excerpt\">\n\t\t\t\t\t\tIl Parco Nazionale Naturale El Cocuy \u00e8 nella contea meno conosciuta di&hellip;\t\t\t\t\t<\/div>\n\t\t\t\t\t\t\t<\/div>\n\t\t\t<div class=\"qode-tours-standard-item-bottom-content\">\n\t\t\t\t\t\t\t\t\t<div class=\"qode-tours-standard-item-bottom-item\">\n\t\t\t\t\t\t\n\t\t\n\t\t\t<div class=\"qode-tour-duration-holder\">\n\t\t\t    <span class=\"qode-tour-duration-icon qode-tour-info-icon\">\n\t\t\t\t\t<span class=\"dripicons-clock\"><\/span>\n\t\t\t    <\/span>\n\t\t\t\t<span class=\"qode-tour-info-label\">\n\t\t\t\t\t3 Days\t\t\t\t<\/span>\n\t\t\t<\/div>\n\n\t\t\n\t\t\t\t\t\t\t<\/div>\n\t\t\t\t\n\t\t\t\t\t\t\t\t\t\t\t\t\t<div class=\"qode-tours-standard-item-bottom-item\">\n\t\t\t\t\t\t                \t\t\t\t\t<\/div>\n\t\t\t\t\t\t\t<\/div>\n\t\t<\/div>\n\t<\/div>\n<\/div>\t\t<div class=\"qode-tours-standard-item qode-tours-row-item qode-item-space post-2689 tour-item type-tour-item status-publish has-post-thumbnail hentry tour-category-mini-tours tour-attribute-breakfast tour-attribute-personal-guide tour-attribute-private-transfer tour-attribute-transfer tour-attribute-walking-tour\">\n\t<div class=\"qode-tour-item-inner\">\n\t\t\t\t\t<div class=\"qode-tours-standard-item-image-holder\">\n\t\t\t\t<a href=\"https:\/\/yourcolombia.com\/it\/tour-item\/boyaca_paramo_de_oceta\/\">\n\t\t\t\t\t<img loading=\"lazy\" decoding=\"async\" src=\"https:\/\/yourcolombia.com\/wp-content\/uploads\/2020\/03\/playa-blanca_lago-tota-e1585263668507-600x400.jpeg\" alt=\"playa blanca_lago tota\" width=\"600\" height=\"400\" \/>\t\t\t\t<\/a>\n\t\t\t\t\t\t\t\t\t<span class=\"qode-tours-standard-item-label-holder\">\n\t\t\t\t\t\t\n\t\t<span class=\"qode-tour-item-label\">\n\t\t\t<span class=\"qode-tour-item-label-inner\">\n\t\t\t\t\t\t\t<\/span>\n\t\t<\/span>\n\n\t\t\t\t\t\t\t<\/span>\n\t\t\t\t\t\t\t<\/div>\n\t\t\n\t\t<div class=\"qode-tours-standard-item-content-holder\">\n\t\t\t<div class=\"qode-tours-standard-item-content-inner\">\n\t\t\t\t<div class=\"qode-tours-standard-item-title-price-holder\">\n\t\t\t\t\t<h4 class=\"qode-tour-title\">\n\t\t\t\t\t\t<a href=\"https:\/\/yourcolombia.com\/it\/tour-item\/boyaca_paramo_de_oceta\/\">Il meglio di Boyac\u00e1 con camminata nel P\u00e1ramo di Ocet\u00e1<\/a>\n\t\t\t\t\t<\/h4>\n\t\t\t\t\t<span class=\"qode-tours-standard-item-price-holder\">\n\t\t\t\t\t\t\n\t\t<span class=\"qode-tours-price-holder\">\n\t\t\t\t\t\t\t<span class=\"qode-tours-item-price \">$349<\/span>\n\t\t\t\t\t\t\t\t<\/span>\n\n\t\t\t\t\t\t\t<\/span>\n\t\t\t\t<\/div>\n\n                            <div class=\"qode-tours-standard-item-bottom-item\">\n                            <div class=\"qode-info-section-part qode-tour-item-reviews\">\n            <span class=\"qode-single-rating-value\">\n                    <\/span>\n        <\/div>\n\n                        <\/div>\n            \n\t\t\t\t\t\t\t\t\t<div class=\"qode-tours-standard-item-excerpt\">\n\t\t\t\t\t\tIl meglio di Boyac\u00e1 - Tour privato di 3 giorni da Bogot\u00e1:&hellip;\t\t\t\t\t<\/div>\n\t\t\t\t\t\t\t<\/div>\n\t\t\t<div class=\"qode-tours-standard-item-bottom-content\">\n\t\t\t\t\t\t\t\t\t<div class=\"qode-tours-standard-item-bottom-item\">\n\t\t\t\t\t\t\n\t\t\n\t\t\t<div class=\"qode-tour-duration-holder\">\n\t\t\t    <span class=\"qode-tour-duration-icon qode-tour-info-icon\">\n\t\t\t\t\t<span class=\"dripicons-clock\"><\/span>\n\t\t\t    <\/span>\n\t\t\t\t<span class=\"qode-tour-info-label\">\n\t\t\t\t\t3 Days\t\t\t\t<\/span>\n\t\t\t<\/div>\n\n\t\t\n\t\t\t\t\t\t\t<\/div>\n\t\t\t\t\n\t\t\t\t\t\t\t\t\t\t\t\t\t<div class=\"qode-tours-standard-item-bottom-item\">\n\t\t\t\t\t\t                \t\t\t\t\t<\/div>\n\t\t\t\t\t\t\t<\/div>\n\t\t<\/div>\n\t<\/div>\n<\/div>\t\t<\/div>\n\n\t\t\n\n\t\t<\/div>[\/vc_column][\/vc_row]<\/p>\n<\/div>","protected":false},"excerpt":{"rendered":"<p>[vc_row css_animation=&#8221;&#8221; row_type=&#8221;row&#8221; use_row_as_full_screen_section=&#8221;no&#8221; type=&#8221;full_width&#8221; angled_section=&#8221;no&#8221; text_align=&#8221;center&#8221; background_image_as_pattern=&#8221;without_pattern&#8221; z_index=&#8221;&#8221;][vc_column][\/vc_column][\/vc_row]<\/p>\n","protected":false},"author":1,"featured_media":0,"parent":0,"menu_order":0,"comment_status":"closed","ping_status":"closed","template":"","meta":{"_joinchat":[],"footnotes":""},"class_list":["post-2914","page","type-page","status-publish","hentry"],"yoast_head":"<!-- This site is optimized with the Yoast SEO plugin v25.9 - https:\/\/yoast.com\/wordpress\/plugins\/seo\/ -->\n<title>Mini tours - YourColombia<\/title>\n<meta name=\"robots\" content=\"index, follow, max-snippet:-1, max-image-preview:large, max-video-preview:-1\" \/>\n<link rel=\"canonical\" href=\"https:\/\/yourcolombia.com\/mini-tours\/\" \/>\n<meta property=\"og:locale\" content=\"it_IT\" \/>\n<meta property=\"og:type\" content=\"article\" \/>\n<meta property=\"og:title\" content=\"Mini tours - YourColombia\" \/>\n<meta property=\"og:description\" content=\"[vc_row css_animation=&#8221;&#8221; row_type=&#8221;row&#8221; use_row_as_full_screen_section=&#8221;no&#8221; type=&#8221;full_width&#8221; angled_section=&#8221;no&#8221; text_align=&#8221;center&#8221; background_image_as_pattern=&#8221;without_pattern&#8221; z_index=&#8221;&#8221;][vc_column][\/vc_column][\/vc_row]\" \/>\n<meta property=\"og:url\" content=\"https:\/\/yourcolombia.com\/mini-tours\/\" \/>\n<meta property=\"og:site_name\" content=\"YourColombia\" \/>\n<meta property=\"article:publisher\" content=\"https:\/\/www.facebook.com\/YourColombia2017\/\" \/>\n<meta property=\"article:modified_time\" content=\"2026-03-26T02:34:01+00:00\" \/>\n<meta name=\"twitter:card\" content=\"summary_large_image\" \/>\n<meta name=\"twitter:site\" content=\"@Your_Colombia\" \/>\n<meta name=\"twitter:label1\" content=\"Tempo di lettura stimato\" \/>\n\t<meta name=\"twitter:data1\" content=\"1 minuto\" \/>\n<script type=\"application\/ld+json\" class=\"yoast-schema-graph\">{\"@context\":\"https:\/\/schema.org\",\"@graph\":[{\"@type\":\"WebPage\",\"@id\":\"https:\/\/yourcolombia.com\/mini-tours\/\",\"url\":\"https:\/\/yourcolombia.com\/mini-tours\/\",\"name\":\"Mini tours - YourColombia\",\"isPartOf\":{\"@id\":\"https:\/\/yourcolombia.com\/#website\"},\"datePublished\":\"2022-04-07T03:04:53+00:00\",\"dateModified\":\"2026-03-26T02:34:01+00:00\",\"breadcrumb\":{\"@id\":\"https:\/\/yourcolombia.com\/mini-tours\/#breadcrumb\"},\"inLanguage\":\"it-IT\",\"potentialAction\":[{\"@type\":\"ReadAction\",\"target\":[\"https:\/\/yourcolombia.com\/mini-tours\/\"]}]},{\"@type\":\"BreadcrumbList\",\"@id\":\"https:\/\/yourcolombia.com\/mini-tours\/#breadcrumb\",\"itemListElement\":[{\"@type\":\"ListItem\",\"position\":1,\"name\":\"Home\",\"item\":\"https:\/\/yourcolombia.com\/\"},{\"@type\":\"ListItem\",\"position\":2,\"name\":\"Mini tours\"}]},{\"@type\":\"WebSite\",\"@id\":\"https:\/\/yourcolombia.com\/#website\",\"url\":\"https:\/\/yourcolombia.com\/\",\"name\":\"YourColombia\",\"description\":\"Tours in Colombia\",\"publisher\":{\"@id\":\"https:\/\/yourcolombia.com\/#organization\"},\"potentialAction\":[{\"@type\":\"SearchAction\",\"target\":{\"@type\":\"EntryPoint\",\"urlTemplate\":\"https:\/\/yourcolombia.com\/?s={search_term_string}\"},\"query-input\":{\"@type\":\"PropertyValueSpecification\",\"valueRequired\":true,\"valueName\":\"search_term_string\"}}],\"inLanguage\":\"it-IT\"},{\"@type\":\"Organization\",\"@id\":\"https:\/\/yourcolombia.com\/#organization\",\"name\":\"YourColombia\",\"url\":\"https:\/\/yourcolombia.com\/\",\"logo\":{\"@type\":\"ImageObject\",\"inLanguage\":\"it-IT\",\"@id\":\"https:\/\/yourcolombia.com\/#\/schema\/logo\/image\/\",\"url\":\"https:\/\/yourcolombia.com\/wp-content\/uploads\/2017\/03\/logo_yourcolombia-2-e1498990530152.png\",\"contentUrl\":\"https:\/\/yourcolombia.com\/wp-content\/uploads\/2017\/03\/logo_yourcolombia-2-e1498990530152.png\",\"width\":73,\"height\":60,\"caption\":\"YourColombia\"},\"image\":{\"@id\":\"https:\/\/yourcolombia.com\/#\/schema\/logo\/image\/\"},\"sameAs\":[\"https:\/\/www.facebook.com\/YourColombia2017\/\",\"https:\/\/x.com\/Your_Colombia\",\"https:\/\/www.instagram.com\/yourcolombia\/\"]}]}<\/script>\n<!-- \/ Yoast SEO plugin. -->","yoast_head_json":{"title":"Mini tours - YourColombia","robots":{"index":"index","follow":"follow","max-snippet":"max-snippet:-1","max-image-preview":"max-image-preview:large","max-video-preview":"max-video-preview:-1"},"canonical":"https:\/\/yourcolombia.com\/mini-tours\/","og_locale":"it_IT","og_type":"article","og_title":"Mini tours - YourColombia","og_description":"[vc_row css_animation=&#8221;&#8221; row_type=&#8221;row&#8221; use_row_as_full_screen_section=&#8221;no&#8221; type=&#8221;full_width&#8221; angled_section=&#8221;no&#8221; text_align=&#8221;center&#8221; background_image_as_pattern=&#8221;without_pattern&#8221; z_index=&#8221;&#8221;][vc_column][\/vc_column][\/vc_row]","og_url":"https:\/\/yourcolombia.com\/mini-tours\/","og_site_name":"YourColombia","article_publisher":"https:\/\/www.facebook.com\/YourColombia2017\/","article_modified_time":"2026-03-26T02:34:01+00:00","twitter_card":"summary_large_image","twitter_site":"@Your_Colombia","twitter_misc":{"Tempo di lettura stimato":"1 minuto"},"schema":{"@context":"https:\/\/schema.org","@graph":[{"@type":"WebPage","@id":"https:\/\/yourcolombia.com\/mini-tours\/","url":"https:\/\/yourcolombia.com\/mini-tours\/","name":"Mini tours - YourColombia","isPartOf":{"@id":"https:\/\/yourcolombia.com\/#website"},"datePublished":"2022-04-07T03:04:53+00:00","dateModified":"2026-03-26T02:34:01+00:00","breadcrumb":{"@id":"https:\/\/yourcolombia.com\/mini-tours\/#breadcrumb"},"inLanguage":"it-IT","potentialAction":[{"@type":"ReadAction","target":["https:\/\/yourcolombia.com\/mini-tours\/"]}]},{"@type":"BreadcrumbList","@id":"https:\/\/yourcolombia.com\/mini-tours\/#breadcrumb","itemListElement":[{"@type":"ListItem","position":1,"name":"Home","item":"https:\/\/yourcolombia.com\/"},{"@type":"ListItem","position":2,"name":"Mini tours"}]},{"@type":"WebSite","@id":"https:\/\/yourcolombia.com\/#website","url":"https:\/\/yourcolombia.com\/","name":"YourColombia","description":"Tours in Colombia","publisher":{"@id":"https:\/\/yourcolombia.com\/#organization"},"potentialAction":[{"@type":"SearchAction","target":{"@type":"EntryPoint","urlTemplate":"https:\/\/yourcolombia.com\/?s={search_term_string}"},"query-input":{"@type":"PropertyValueSpecification","valueRequired":true,"valueName":"search_term_string"}}],"inLanguage":"it-IT"},{"@type":"Organization","@id":"https:\/\/yourcolombia.com\/#organization","name":"YourColombia","url":"https:\/\/yourcolombia.com\/","logo":{"@type":"ImageObject","inLanguage":"it-IT","@id":"https:\/\/yourcolombia.com\/#\/schema\/logo\/image\/","url":"https:\/\/yourcolombia.com\/wp-content\/uploads\/2017\/03\/logo_yourcolombia-2-e1498990530152.png","contentUrl":"https:\/\/yourcolombia.com\/wp-content\/uploads\/2017\/03\/logo_yourcolombia-2-e1498990530152.png","width":73,"height":60,"caption":"YourColombia"},"image":{"@id":"https:\/\/yourcolombia.com\/#\/schema\/logo\/image\/"},"sameAs":["https:\/\/www.facebook.com\/YourColombia2017\/","https:\/\/x.com\/Your_Colombia","https:\/\/www.instagram.com\/yourcolombia\/"]}]}},"_links":{"self":[{"href":"https:\/\/yourcolombia.com\/it\/wp-json\/wp\/v2\/pages\/2914","targetHints":{"allow":["GET"]}}],"collection":[{"href":"https:\/\/yourcolombia.com\/it\/wp-json\/wp\/v2\/pages"}],"about":[{"href":"https:\/\/yourcolombia.com\/it\/wp-json\/wp\/v2\/types\/page"}],"author":[{"embeddable":true,"href":"https:\/\/yourcolombia.com\/it\/wp-json\/wp\/v2\/users\/1"}],"replies":[{"embeddable":true,"href":"https:\/\/yourcolombia.com\/it\/wp-json\/wp\/v2\/comments?post=2914"}],"version-history":[{"count":20,"href":"https:\/\/yourcolombia.com\/it\/wp-json\/wp\/v2\/pages\/2914\/revisions"}],"predecessor-version":[{"id":3550,"href":"https:\/\/yourcolombia.com\/it\/wp-json\/wp\/v2\/pages\/2914\/revisions\/3550"}],"wp:attachment":[{"href":"https:\/\/yourcolombia.com\/it\/wp-json\/wp\/v2\/media?parent=2914"}],"curies":[{"name":"wp","href":"https:\/\/api.w.org\/{rel}","templated":true}]}}