{"id":2103,"date":"2018-04-19T08:24:22","date_gmt":"2018-04-19T08:24:22","guid":{"rendered":"http:\/\/bridge224.qodeinteractive.com\/?page_id=278"},"modified":"2025-09-10T18:40:18","modified_gmt":"2025-09-10T18:40:18","slug":"about","status":"publish","type":"page","link":"https:\/\/yourcolombia.com\/es\/about\/","title":{"rendered":"Qui\u00e9nes Somos"},"content":{"rendered":"<div class=\"wpb-content-wrapper\"><p>[vc_row css_animation=\u00bb\u00bb row_type=\u00bbrow\u00bb use_row_as_full_screen_section=\u00bbno\u00bb type=\u00bbgrid\u00bb angled_section=\u00bbno\u00bb text_align=\u00bbleft\u00bb background_image_as_pattern=\u00bbwithout_pattern\u00bb padding_top=\u00bb98&#8243; padding_bottom=\u00bb106&#8243; z_index=\u00bb\u00bb][vc_column offset=\u00bbvc_col-md-6&#8243;][vc_empty_space height=\u00bb30px\u00bb][vc_single_image image=\u00bb2578&#8243; img_size=\u00bbfull\u00bb qode_css_animation=\u00bb\u00bb][vc_empty_space height=\u00bb30px\u00bb][\/vc_column][vc_column offset=\u00bbvc_col-md-6&#8243;][qode_elements_holder number_of_columns=\u00bbone_column\u00bb][qode_elements_holder_item item_padding=\u00bb0px 0px 0 19px\u00bb advanced_animations=\u00bbno\u00bb][vc_separator type=\u00bbtransparent\u00bb up=\u00bb-18&#8243;][vc_empty_space height=\u00bb20px\u00bb][vc_column_text]<\/p>\n<h5><\/h5>\n<h5 data-start=\"83\" data-end=\"400\">Cada vez m\u00e1s viajeros de todo el mundo est\u00e1n descubriendo Colombia\u2014y no es casualidad. En los \u00faltimos a\u00f1os, prestigiosas publicaciones internacionales como <em data-start=\"255\" data-end=\"270\">Lonely Planet<\/em>, <em data-start=\"272\" data-end=\"277\">CNN<\/em> y <em data-start=\"280\" data-end=\"288\">Forbes<\/em> han destacado este espectacular destino y han ofrecido recomendaciones sobre c\u00f3mo vivirlo de la mejor manera.<\/h5>\n<h5 data-start=\"402\" data-end=\"558\">Nuestra misi\u00f3n es presentar Colombia\u2014y, sobre todo, invitarte a descubrirla\u2014a trav\u00e9s de los ojos de un \u2018expatriado local\u2019 como nosotros, tu gu\u00eda personal.<\/h5>\n<h5 data-start=\"560\" data-end=\"818\">Lo hacemos ofreciendo una visi\u00f3n completa del pa\u00eds: compartiendo nuestras experiencias, acompa\u00f1\u00e1ndote a trav\u00e9s de sus atracciones, tradiciones y costumbres, y revelando esos lugares secretos que la mayor\u00eda de los blogs o p\u00e1ginas web de viajes no mencionan.<\/h5>\n<h5 data-start=\"820\" data-end=\"961\">A partir de 2025, ampliaremos nuestros servicios hacia otro destino latinoamericano: Argentina, con un final inolvidable en R\u00edo de Janeiro.<\/h5>\n<h5 data-start=\"963\" data-end=\"1047\">Descubre Colombia y Argentina con nuestros itinerarios personalizados por todo el pa\u00eds.<\/h5>\n<p>[\/vc_column_text][vc_empty_space height=\u00bb34px\u00bb][vc_column_text]<strong>Peter Popal<\/strong><\/p>\n<p data-start=\"84\" data-end=\"478\">Nac\u00ed en Hungr\u00eda y algunos de mis proyectos actuales todav\u00eda me mantienen vinculado a Budapest. En los \u00faltimos a\u00f1os he vivido tanto en el norte como en el sur de Italia, adem\u00e1s de en Espa\u00f1a. He participado en proyectos internacionales, trabajando principalmente con j\u00f3venes de todo el mundo y centr\u00e1ndome en marketing, investigaci\u00f3n de mercados, ciencias del deporte y turismo.<\/p>\n<p data-start=\"480\" data-end=\"631\">Desde que me mud\u00e9 a Colombia en noviembre de 2016, tambi\u00e9n he pasado varios meses en Argentina, enriqueciendo a\u00fan m\u00e1s mi conocimiento de Sudam\u00e9rica.<\/p>\n<p>&nbsp;<\/p>\n<p><strong>Federico Striano<\/strong><\/p>\n<p data-start=\"83\" data-end=\"414\">Nacido y criado en Italia, llevo varios a\u00f1os trabajando como Travel Designer y Tour Director, organizando y acompa\u00f1ando tours privados y grupales por toda Europa. A lo largo del tiempo he tenido el privilegio de ayudar a cientos de viajeros\u2014especialmente de Estados Unidos\u2014a hacer realidad el viaje de sus sue\u00f1os.<\/p>\n<p data-start=\"416\" data-end=\"847\">Soy un viajero apasionado y un verdadero ciudadano del mundo. Explorar nuevos pa\u00edses y sumergirme en diferentes culturas siempre ha sido mi mayor alegr\u00eda. Desde la primera vez que visit\u00e9 Colombia en 2015, comprend\u00ed lo \u00fanico y sobrecogedor que es este pa\u00eds. Desde que me traslad\u00e9 definitivamente a Colombia en 2017, mi objetivo ha sido ayudar a otros a descubrir sus tesoros ocultos a trav\u00e9s de nuestros tours con <strong>YourColombia<\/strong>.<\/p>\n<p>[\/vc_column_text][vc_empty_space height=\u00bb36px\u00bb][vc_single_image image=\u00bb2134&#8243; img_size=\u00bbfull\u00bb qode_css_animation=\u00bb\u00bb][\/qode_elements_holder_item][\/qode_elements_holder][vc_empty_space height=\u00bb30px\u00bb][\/vc_column][\/vc_row][vc_row css_animation=\u00bb\u00bb row_type=\u00bbrow\u00bb use_row_as_full_screen_section=\u00bbno\u00bb type=\u00bbgrid\u00bb angled_section=\u00bbno\u00bb text_align=\u00bbcenter\u00bb background_image_as_pattern=\u00bbwithout_pattern\u00bb z_index=\u00bb999&#8243; css=\u00bb.vc_custom_1524131355116{background-position: center !important;background-repeat: no-repeat !important;background-size: cover !important;}\u00bb][vc_column css=\u00bb.vc_custom_1523968190149{margin-top: -65px !important;}\u00bb][vc_row_inner row_type=\u00bbrow\u00bb type=\u00bbfull_width\u00bb text_align=\u00bbleft\u00bb padding_top=\u00bb23&#8243; css_animation=\u00bb\u00bb][vc_column_inner][qode_elements_holder number_of_columns=\u00bbone_column\u00bb][qode_elements_holder_item item_padding=\u00bb33px 24% 62px 24%\u00bb horizontal_alignment=\u00bbcenter\u00bb advanced_animations=\u00bbno\u00bb item_padding_1280_1440=\u00bb33px 21% 62px 21%\u00bb item_padding_768_1024=\u00bb33px 16% 62px 16%\u00bb item_padding_480_600=\u00bb33px 0% 62px 0%\u00bb item_padding_480=\u00bb33px 0% 62px 0%\u00bb][vc_empty_space height=\u00bb20px\u00bb][\/qode_elements_holder_item][\/qode_elements_holder][\/vc_column_inner][\/vc_row_inner][\/vc_column][\/vc_row][vc_row css_animation=\u00bb\u00bb row_type=\u00bbrow\u00bb use_row_as_full_screen_section=\u00bbno\u00bb type=\u00bbgrid\u00bb angled_section=\u00bbno\u00bb text_align=\u00bbleft\u00bb background_image_as_pattern=\u00bbwithout_pattern\u00bb padding_bottom=\u00bb67&#8243; z_index=\u00bb\u00bb][vc_column offset=\u00bbvc_col-lg-3 vc_col-md-6&#8243;][vc_empty_space height=\u00bb30px\u00bb][\/vc_column][vc_column offset=\u00bbvc_col-lg-3 vc_col-md-6&#8243;][vc_empty_space height=\u00bb30px\u00bb][\/vc_column][vc_column offset=\u00bbvc_col-lg-3 vc_col-md-6&#8243;][vc_empty_space height=\u00bb30px\u00bb][\/vc_column][vc_column offset=\u00bbvc_col-lg-3 vc_col-md-6&#8243;][vc_empty_space height=\u00bb30px\u00bb][\/vc_column][\/vc_row]<\/p>\n<\/div>","protected":false},"excerpt":{"rendered":"<p>[vc_row css_animation=\u00bb\u00bb row_type=\u00bbrow\u00bb use_row_as_full_screen_section=\u00bbno\u00bb type=\u00bbgrid\u00bb angled_section=\u00bbno\u00bb text_align=\u00bbleft\u00bb background_image_as_pattern=\u00bbwithout_pattern\u00bb padding_top=\u00bb98&#8243; padding_bottom=\u00bb106&#8243; z_index=\u00bb\u00bb][vc_column offset=\u00bbvc_col-md-6&#8243;][vc_empty_space height=\u00bb30px\u00bb][vc_single_image image=\u00bb2578&#8243; img_size=\u00bbfull\u00bb qode_css_animation=\u00bb\u00bb][vc_empty_space height=\u00bb30px\u00bb][\/vc_column][vc_column offset=\u00bbvc_col-md-6&#8243;][qode_elements_holder number_of_columns=\u00bbone_column\u00bb][qode_elements_holder_item item_padding=\u00bb0px 0px 0 19px\u00bb advanced_animations=\u00bbno\u00bb][vc_separator type=\u00bbtransparent\u00bb up=\u00bb-18&#8243;][vc_empty_space height=\u00bb20px\u00bb][vc_column_text] Cada vez m\u00e1s viajeros de todo el mundo est\u00e1n descubriendo Colombia\u2014y no es casualidad. En los \u00faltimos a\u00f1os,&#8230;<\/p>\n","protected":false},"author":1,"featured_media":0,"parent":0,"menu_order":0,"comment_status":"open","ping_status":"closed","template":"full_width.php","meta":{"_joinchat":[],"footnotes":""},"class_list":["post-2103","page","type-page","status-publish","hentry"],"yoast_head":"<!-- This site is optimized with the Yoast SEO plugin v25.9 - https:\/\/yoast.com\/wordpress\/plugins\/seo\/ -->\n<title>Qui\u00e9nes Somos - YourColombia<\/title>\n<meta name=\"robots\" content=\"index, follow, max-snippet:-1, max-image-preview:large, max-video-preview:-1\" \/>\n<link rel=\"canonical\" href=\"https:\/\/yourcolombia.com\/about\/\" \/>\n<meta property=\"og:locale\" content=\"es_ES\" \/>\n<meta property=\"og:type\" content=\"article\" \/>\n<meta property=\"og:title\" content=\"Qui\u00e9nes Somos - YourColombia\" \/>\n<meta property=\"og:description\" content=\"[vc_row css_animation=\u00bb\u00bb row_type=\u00bbrow\u00bb use_row_as_full_screen_section=\u00bbno\u00bb type=\u00bbgrid\u00bb angled_section=\u00bbno\u00bb text_align=\u00bbleft\u00bb background_image_as_pattern=\u00bbwithout_pattern\u00bb padding_top=\u00bb98&#8243; padding_bottom=\u00bb106&#8243; z_index=\u00bb\u00bb][vc_column offset=\u00bbvc_col-md-6&#8243;][vc_empty_space height=\u00bb30px\u00bb][vc_single_image image=\u00bb2578&#8243; img_size=\u00bbfull\u00bb qode_css_animation=\u00bb\u00bb][vc_empty_space height=\u00bb30px\u00bb][\/vc_column][vc_column offset=\u00bbvc_col-md-6&#8243;][qode_elements_holder number_of_columns=\u00bbone_column\u00bb][qode_elements_holder_item item_padding=\u00bb0px 0px 0 19px\u00bb advanced_animations=\u00bbno\u00bb][vc_separator type=\u00bbtransparent\u00bb up=\u00bb-18&#8243;][vc_empty_space height=\u00bb20px\u00bb][vc_column_text] Cada vez m\u00e1s viajeros de todo el mundo est\u00e1n descubriendo Colombia\u2014y no es casualidad. En los \u00faltimos a\u00f1os,...\" \/>\n<meta property=\"og:url\" content=\"https:\/\/yourcolombia.com\/about\/\" \/>\n<meta property=\"og:site_name\" content=\"YourColombia\" \/>\n<meta property=\"article:publisher\" content=\"https:\/\/www.facebook.com\/YourColombia2017\/\" \/>\n<meta property=\"article:modified_time\" content=\"2025-09-10T18:40:18+00:00\" \/>\n<meta name=\"twitter:card\" content=\"summary_large_image\" \/>\n<meta name=\"twitter:site\" content=\"@Your_Colombia\" \/>\n<meta name=\"twitter:label1\" content=\"Tiempo de lectura\" \/>\n\t<meta name=\"twitter:data1\" content=\"2 minutos\" \/>\n<script type=\"application\/ld+json\" class=\"yoast-schema-graph\">{\"@context\":\"https:\/\/schema.org\",\"@graph\":[{\"@type\":\"WebPage\",\"@id\":\"https:\/\/yourcolombia.com\/about\/\",\"url\":\"https:\/\/yourcolombia.com\/about\/\",\"name\":\"Qui\u00e9nes Somos - YourColombia\",\"isPartOf\":{\"@id\":\"https:\/\/yourcolombia.com\/#website\"},\"datePublished\":\"2018-04-19T08:24:22+00:00\",\"dateModified\":\"2025-09-10T18:40:18+00:00\",\"breadcrumb\":{\"@id\":\"https:\/\/yourcolombia.com\/about\/#breadcrumb\"},\"inLanguage\":\"es\",\"potentialAction\":[{\"@type\":\"ReadAction\",\"target\":[\"https:\/\/yourcolombia.com\/about\/\"]}]},{\"@type\":\"BreadcrumbList\",\"@id\":\"https:\/\/yourcolombia.com\/about\/#breadcrumb\",\"itemListElement\":[{\"@type\":\"ListItem\",\"position\":1,\"name\":\"Home\",\"item\":\"https:\/\/yourcolombia.com\/\"},{\"@type\":\"ListItem\",\"position\":2,\"name\":\"About Us\"}]},{\"@type\":\"WebSite\",\"@id\":\"https:\/\/yourcolombia.com\/#website\",\"url\":\"https:\/\/yourcolombia.com\/\",\"name\":\"YourColombia\",\"description\":\"Tours in Colombia\",\"publisher\":{\"@id\":\"https:\/\/yourcolombia.com\/#organization\"},\"potentialAction\":[{\"@type\":\"SearchAction\",\"target\":{\"@type\":\"EntryPoint\",\"urlTemplate\":\"https:\/\/yourcolombia.com\/?s={search_term_string}\"},\"query-input\":{\"@type\":\"PropertyValueSpecification\",\"valueRequired\":true,\"valueName\":\"search_term_string\"}}],\"inLanguage\":\"es\"},{\"@type\":\"Organization\",\"@id\":\"https:\/\/yourcolombia.com\/#organization\",\"name\":\"YourColombia\",\"url\":\"https:\/\/yourcolombia.com\/\",\"logo\":{\"@type\":\"ImageObject\",\"inLanguage\":\"es\",\"@id\":\"https:\/\/yourcolombia.com\/#\/schema\/logo\/image\/\",\"url\":\"https:\/\/yourcolombia.com\/wp-content\/uploads\/2017\/03\/logo_yourcolombia-2-e1498990530152.png\",\"contentUrl\":\"https:\/\/yourcolombia.com\/wp-content\/uploads\/2017\/03\/logo_yourcolombia-2-e1498990530152.png\",\"width\":73,\"height\":60,\"caption\":\"YourColombia\"},\"image\":{\"@id\":\"https:\/\/yourcolombia.com\/#\/schema\/logo\/image\/\"},\"sameAs\":[\"https:\/\/www.facebook.com\/YourColombia2017\/\",\"https:\/\/x.com\/Your_Colombia\",\"https:\/\/www.instagram.com\/yourcolombia\/\"]}]}<\/script>\n<!-- \/ Yoast SEO plugin. -->","yoast_head_json":{"title":"Qui\u00e9nes Somos - YourColombia","robots":{"index":"index","follow":"follow","max-snippet":"max-snippet:-1","max-image-preview":"max-image-preview:large","max-video-preview":"max-video-preview:-1"},"canonical":"https:\/\/yourcolombia.com\/about\/","og_locale":"es_ES","og_type":"article","og_title":"Qui\u00e9nes Somos - YourColombia","og_description":"[vc_row css_animation=\u00bb\u00bb row_type=\u00bbrow\u00bb use_row_as_full_screen_section=\u00bbno\u00bb type=\u00bbgrid\u00bb angled_section=\u00bbno\u00bb text_align=\u00bbleft\u00bb background_image_as_pattern=\u00bbwithout_pattern\u00bb padding_top=\u00bb98&#8243; padding_bottom=\u00bb106&#8243; z_index=\u00bb\u00bb][vc_column offset=\u00bbvc_col-md-6&#8243;][vc_empty_space height=\u00bb30px\u00bb][vc_single_image image=\u00bb2578&#8243; img_size=\u00bbfull\u00bb qode_css_animation=\u00bb\u00bb][vc_empty_space height=\u00bb30px\u00bb][\/vc_column][vc_column offset=\u00bbvc_col-md-6&#8243;][qode_elements_holder number_of_columns=\u00bbone_column\u00bb][qode_elements_holder_item item_padding=\u00bb0px 0px 0 19px\u00bb advanced_animations=\u00bbno\u00bb][vc_separator type=\u00bbtransparent\u00bb up=\u00bb-18&#8243;][vc_empty_space height=\u00bb20px\u00bb][vc_column_text] Cada vez m\u00e1s viajeros de todo el mundo est\u00e1n descubriendo Colombia\u2014y no es casualidad. En los \u00faltimos a\u00f1os,...","og_url":"https:\/\/yourcolombia.com\/about\/","og_site_name":"YourColombia","article_publisher":"https:\/\/www.facebook.com\/YourColombia2017\/","article_modified_time":"2025-09-10T18:40:18+00:00","twitter_card":"summary_large_image","twitter_site":"@Your_Colombia","twitter_misc":{"Tiempo de lectura":"2 minutos"},"schema":{"@context":"https:\/\/schema.org","@graph":[{"@type":"WebPage","@id":"https:\/\/yourcolombia.com\/about\/","url":"https:\/\/yourcolombia.com\/about\/","name":"Qui\u00e9nes Somos - YourColombia","isPartOf":{"@id":"https:\/\/yourcolombia.com\/#website"},"datePublished":"2018-04-19T08:24:22+00:00","dateModified":"2025-09-10T18:40:18+00:00","breadcrumb":{"@id":"https:\/\/yourcolombia.com\/about\/#breadcrumb"},"inLanguage":"es","potentialAction":[{"@type":"ReadAction","target":["https:\/\/yourcolombia.com\/about\/"]}]},{"@type":"BreadcrumbList","@id":"https:\/\/yourcolombia.com\/about\/#breadcrumb","itemListElement":[{"@type":"ListItem","position":1,"name":"Home","item":"https:\/\/yourcolombia.com\/"},{"@type":"ListItem","position":2,"name":"About Us"}]},{"@type":"WebSite","@id":"https:\/\/yourcolombia.com\/#website","url":"https:\/\/yourcolombia.com\/","name":"YourColombia","description":"Tours in Colombia","publisher":{"@id":"https:\/\/yourcolombia.com\/#organization"},"potentialAction":[{"@type":"SearchAction","target":{"@type":"EntryPoint","urlTemplate":"https:\/\/yourcolombia.com\/?s={search_term_string}"},"query-input":{"@type":"PropertyValueSpecification","valueRequired":true,"valueName":"search_term_string"}}],"inLanguage":"es"},{"@type":"Organization","@id":"https:\/\/yourcolombia.com\/#organization","name":"YourColombia","url":"https:\/\/yourcolombia.com\/","logo":{"@type":"ImageObject","inLanguage":"es","@id":"https:\/\/yourcolombia.com\/#\/schema\/logo\/image\/","url":"https:\/\/yourcolombia.com\/wp-content\/uploads\/2017\/03\/logo_yourcolombia-2-e1498990530152.png","contentUrl":"https:\/\/yourcolombia.com\/wp-content\/uploads\/2017\/03\/logo_yourcolombia-2-e1498990530152.png","width":73,"height":60,"caption":"YourColombia"},"image":{"@id":"https:\/\/yourcolombia.com\/#\/schema\/logo\/image\/"},"sameAs":["https:\/\/www.facebook.com\/YourColombia2017\/","https:\/\/x.com\/Your_Colombia","https:\/\/www.instagram.com\/yourcolombia\/"]}]}},"_links":{"self":[{"href":"https:\/\/yourcolombia.com\/es\/wp-json\/wp\/v2\/pages\/2103","targetHints":{"allow":["GET"]}}],"collection":[{"href":"https:\/\/yourcolombia.com\/es\/wp-json\/wp\/v2\/pages"}],"about":[{"href":"https:\/\/yourcolombia.com\/es\/wp-json\/wp\/v2\/types\/page"}],"author":[{"embeddable":true,"href":"https:\/\/yourcolombia.com\/es\/wp-json\/wp\/v2\/users\/1"}],"replies":[{"embeddable":true,"href":"https:\/\/yourcolombia.com\/es\/wp-json\/wp\/v2\/comments?post=2103"}],"version-history":[{"count":29,"href":"https:\/\/yourcolombia.com\/es\/wp-json\/wp\/v2\/pages\/2103\/revisions"}],"predecessor-version":[{"id":3472,"href":"https:\/\/yourcolombia.com\/es\/wp-json\/wp\/v2\/pages\/2103\/revisions\/3472"}],"wp:attachment":[{"href":"https:\/\/yourcolombia.com\/es\/wp-json\/wp\/v2\/media?parent=2103"}],"curies":[{"name":"wp","href":"https:\/\/api.w.org\/{rel}","templated":true}]}}